{"id":480,"date":"2020-05-07T10:24:49","date_gmt":"2020-05-07T07:24:49","guid":{"rendered":"https:\/\/beta.kelkkalehti.com\/?page_id=480"},"modified":"2023-11-13T17:25:33","modified_gmt":"2023-11-13T15:25:33","slug":"osoitteenmuutos","status":"publish","type":"page","link":"https:\/\/kelkkasivut.kelkkalehti.com\/?page_id=480","title":{"rendered":"Tilaajapalvelu"},"content":{"rendered":"\n<p><\/p>\n\n\n\n<blockquote class=\"wp-block-quote is-layout-flow wp-block-quote-is-layout-flow\">\n<p>Mik\u00e4li sinulla on kysytt\u00e4v\u00e4\u00e4 lehden tilauksesta, otathan rohkeasti yhteytt\u00e4 tilaajapalveluumme. Tilaajapalvelumme on avoinna arkisin kello 9-16.<br><\/p>\n<\/blockquote>\n\n\n\n<p> <br>Mik\u00e4li sinulla on kysytt\u00e4v\u00e4\u00e4 tilauksiin liittyen tai haluat peruuttaa tilauksen voit l\u00e4hett\u00e4\u00e4 s\u00e4hk\u00f6postia:&nbsp;<\/p>\n\n\n\n<p><strong>asiakaspalvelu \u00c4T kelkkalehti.com<\/strong> tai soittamalla 0400 918 917. ( Puhelinpalvelu arkisin kello 9-16)<\/p>\n\n\n\n<h2 class=\"wp-block-heading\">DIGILEHTI<\/h2>\n\n\n\n<figure class=\"wp-block-pullquote\"><blockquote><p><strong>Digilehden lukuohjeet l\u00f6yd\u00e4t <a rel=\"noreferrer noopener\" href=\"https:\/\/kelkkasivut.kelkkalehti.com\/wp-content\/uploads\/2022\/12\/Lehtiluukku_kirjautumisohje_Kelkkalehti_2022.pdf\" target=\"_blank\">t\u00e4\u00e4lt\u00e4<\/a><\/strong><\/p><\/blockquote><\/figure>\n\n\n\n<p>DIGILEHTI l\u00f6ytyy osoitteesta:<\/p>\n\n\n\n<p><a href=\"https:\/\/www.lehtiluukku.fi\/lehdet\/mk-lehti\">https:\/\/www.lehtiluukku.fi\/lehdet\/mk-lehti<\/a><\/p>\n\n\n\n<p><strong>Digitunnuksenne on sama kuin Kelkkalehden asiakasnumero<\/strong><\/p>\n\n\n\n<blockquote class=\"wp-block-quote is-layout-flow wp-block-quote-is-layout-flow\">\n<p>Tilauksen voit tehd\u00e4 k\u00e4tev\u00e4sti <strong><a href=\"https:\/\/kelkkasivut.kelkkalehti.com\/?page_id=594\" target=\"_blank\" rel=\"noreferrer noopener\">t\u00e4\u00e4ll\u00e4<\/a><\/strong>.<\/p>\n<\/blockquote>\n\n\n\n<h2 class=\"wp-block-heading\">Osoitteenmuutokset<\/h2>\n\n\n\n<p>Asiakaspalvelumme vaihtaa osoitteesi uuteen, l\u00e4hetetty\u00e4si t\u00e4m\u00e4n lomakkeen tiedot. Muista t\u00e4ytt\u00e4\u00e4 kaikki kent\u00e4t. Mik\u00e4li lehti ei jostain syyst\u00e4 l\u00f6yd\u00e4 perille, otathan rohkeasti yhteytt\u00e4 asiakaspalveluumme numerossa <strong>0400 918 917<\/strong> tai s\u00e4hk\u00f6postilla <strong>asiakaspalvelu \u00c4T kelkkalehti.com<\/strong>.<\/p>\n\n\n\n<p><br><div class=\"everest-forms\"><div class=\"evf-container default\" id=\"evf-479\"><form id=\"evf-form-479\" class=\"everest-form\" data-formid=\"479\" data-ajax_submission=\"0\" data-keyboard_friendly_form=\"0\" data-form_state_type=\"\" method=\"post\" enctype=\"multipart\/form-data\" action=\"\/index.php?rest_route=%2Fwp%2Fv2%2Fpages%2F480\"><div class=\"evf-field-container\"><input type=\"hidden\" id=\"_wpnonce479\" name=\"_wpnonce479\" value=\"54bf70166e\" \/><input type=\"hidden\" name=\"_wp_http_referer\" value=\"\/index.php?rest_route=%2Fwp%2Fv2%2Fpages%2F480\" \/><div class=\"evf-frontend-row\" data-row=\"row_1\" conditional_rules=\"[]\"><div class=\"evf-frontend-grid evf-grid-2\" data-grid=\"grid_1\"><div id=\"evf-479-field_wgob73S1aQ-9-container\" class=\"evf-field evf-field-first-name form-row validate-required\" data-required-field-message=\"This field is required.\" data-field-id=\"wgob73S1aQ-9\"><label class=\"evf-field-label\" for=\"evf-479-field_wgob73S1aQ-9\"><span class=\"evf-label\">Etunimi<\/span> <abbr class=\"required\" title=\"Required\">*<\/abbr><\/label><input type=\"text\" id=\"evf-479-field_wgob73S1aQ-9\" class=\"input-text\" name=\"everest_forms[form_fields][wgob73S1aQ-9]\" required><\/div><\/div><div class=\"evf-frontend-grid evf-grid-2\" data-grid=\"grid_2\"><div id=\"evf-479-field_XNLc8m75KN-10-container\" class=\"evf-field evf-field-last-name form-row validate-required\" data-required-field-message=\"This field is required.\" data-field-id=\"XNLc8m75KN-10\"><label class=\"evf-field-label\" for=\"evf-479-field_XNLc8m75KN-10\"><span class=\"evf-label\">Sukunimi<\/span> <abbr class=\"required\" title=\"Required\">*<\/abbr><\/label><input type=\"text\" id=\"evf-479-field_XNLc8m75KN-10\" class=\"input-text\" name=\"everest_forms[form_fields][XNLc8m75KN-10]\" required><\/div><\/div><\/div><div class=\"evf-frontend-row\" data-row=\"row_2\" conditional_rules=\"[]\"><div class=\"evf-frontend-grid evf-grid-2\" data-grid=\"grid_1\"><div id=\"evf-479-field_GavdJCZYDn-11-container\" class=\"evf-field evf-field-text form-row validate-required\" data-required-field-message=\"This field is required.\" data-field-id=\"GavdJCZYDn-11\"><label class=\"evf-field-label\" for=\"evf-479-field_GavdJCZYDn-11\"><span class=\"evf-label\">Aiempi l\u00e4hiosoite<\/span> <abbr class=\"required\" title=\"Required\">*<\/abbr><\/label><input type=\"text\" id=\"evf-479-field_GavdJCZYDn-11\" class=\"input-text\" name=\"everest_forms[form_fields][GavdJCZYDn-11]\" required><\/div><\/div><div class=\"evf-frontend-grid evf-grid-2\" data-grid=\"grid_2\"><div id=\"evf-479-field_aVAmqSLg6k-12-container\" class=\"evf-field evf-field-text form-row validate-required\" data-required-field-message=\"This field is required.\" data-field-id=\"aVAmqSLg6k-12\"><label class=\"evf-field-label\" for=\"evf-479-field_aVAmqSLg6k-12\"><span class=\"evf-label\">Aiempi postinumero ja postitoimipaikka<\/span> <abbr class=\"required\" title=\"Required\">*<\/abbr><\/label><input type=\"text\" id=\"evf-479-field_aVAmqSLg6k-12\" class=\"input-text\" name=\"everest_forms[form_fields][aVAmqSLg6k-12]\" required><\/div><\/div><\/div><div class=\"evf-frontend-row\" data-row=\"row_3\" conditional_rules=\"[]\"><div class=\"evf-frontend-grid evf-grid-2\" data-grid=\"grid_1\"><\/div><div class=\"evf-frontend-grid evf-grid-2\" data-grid=\"grid_2\"><div id=\"evf-479-field_l9qanwoLBL-13-container\" class=\"evf-field evf-field-text form-row validate-required\" data-required-field-message=\"This field is required.\" data-field-id=\"l9qanwoLBL-13\"><label class=\"evf-field-label\" for=\"evf-479-field_l9qanwoLBL-13\"><span class=\"evf-label\">Puhelinnumerosi<\/span> <abbr class=\"required\" title=\"Required\">*<\/abbr><\/label><input type=\"text\" id=\"evf-479-field_l9qanwoLBL-13\" class=\"input-text\" name=\"everest_forms[form_fields][l9qanwoLBL-13]\" required><\/div><\/div><\/div><div class=\"evf-frontend-row\" data-row=\"row_4\" conditional_rules=\"[]\"><div class=\"evf-frontend-grid evf-grid-2\" data-grid=\"grid_1\"><div id=\"evf-479-field_l0j0VduE8s-14-container\" class=\"evf-field evf-field-text form-row validate-required\" data-required-field-message=\"This field is required.\" data-field-id=\"l0j0VduE8s-14\"><label class=\"evf-field-label\" for=\"evf-479-field_l0j0VduE8s-14\"><span class=\"evf-label\">Uusi l\u00e4hiosoite<\/span> <abbr class=\"required\" title=\"Required\">*<\/abbr><\/label><input type=\"text\" id=\"evf-479-field_l0j0VduE8s-14\" class=\"input-text\" name=\"everest_forms[form_fields][l0j0VduE8s-14]\" required><\/div><\/div><div class=\"evf-frontend-grid evf-grid-2\" data-grid=\"grid_2\"><div id=\"evf-479-field_JV5nEHNICn-15-container\" class=\"evf-field evf-field-text form-row validate-required\" data-required-field-message=\"This field is required.\" data-field-id=\"JV5nEHNICn-15\"><label class=\"evf-field-label\" for=\"evf-479-field_JV5nEHNICn-15\"><span class=\"evf-label\">Uusi postitoimipaikka<\/span> <abbr class=\"required\" title=\"Required\">*<\/abbr><\/label><input type=\"text\" id=\"evf-479-field_JV5nEHNICn-15\" class=\"input-text\" name=\"everest_forms[form_fields][JV5nEHNICn-15]\" required><\/div><\/div><\/div><div class=\"evf-frontend-row\" data-row=\"row_5\" conditional_rules=\"[]\"><div class=\"evf-frontend-grid evf-grid-2\" data-grid=\"grid_1\"><div id=\"evf-479-field_VqhlEcyrmr-17-container\" class=\"evf-field evf-field-email form-row validate-required validate-email\" data-required-field-message=\"Tarkista ett\u00e4 s\u00e4hk\u00f6postisi on oikein\" data-field-id=\"VqhlEcyrmr-17\"><label class=\"evf-field-label\" for=\"evf-479-field_VqhlEcyrmr-17\"><span class=\"evf-label\">S\u00e4hk\u00f6postiosoitteesi<\/span> <abbr class=\"required\" title=\"Required\">*<\/abbr><\/label><input type=\"email\" id=\"evf-479-field_VqhlEcyrmr-17\" class=\"input-text\" name=\"everest_forms[form_fields][VqhlEcyrmr-17]\" required ><\/div><\/div><div class=\"evf-frontend-grid evf-grid-2\" data-grid=\"grid_2\"><div id=\"evf-479-field_Bee5eV5QB2-16-container\" class=\"evf-field evf-field-text form-row validate-required\" data-required-field-message=\"This field is required.\" data-field-id=\"Bee5eV5QB2-16\"><label class=\"evf-field-label\" for=\"evf-479-field_Bee5eV5QB2-16\"><span class=\"evf-label\">Uusi postinumero<\/span> <abbr class=\"required\" title=\"Required\">*<\/abbr><\/label><input type=\"text\" id=\"evf-479-field_Bee5eV5QB2-16\" class=\"input-text\" name=\"everest_forms[form_fields][Bee5eV5QB2-16]\" required><\/div><\/div><\/div><div class=\"evf-frontend-row\" data-row=\"row_6\" conditional_rules=\"[]\"><div class=\"evf-frontend-grid evf-grid-2\" data-grid=\"grid_1\"><\/div><div class=\"evf-frontend-grid evf-grid-2\" data-grid=\"grid_2\"><\/div><\/div><div class=\"evf-frontend-row\" data-row=\"row_7\" conditional_rules=\"[]\"><div class=\"evf-frontend-grid evf-grid-2\" data-grid=\"grid_1\"><\/div><div class=\"evf-frontend-grid evf-grid-2\" data-grid=\"grid_2\"><\/div><\/div><\/div><div class=\"evf-honeypot-container evf-field-hp\"><label for=\"evf-479-field-hp\" class=\"evf-field-label\">Message<\/label><input type=\"text\" name=\"everest_forms[hp]\" id=\"evf-479-field-hp\" class=\"input-text\"><\/div><div class=\"evf-recaptcha-container recaptcha-hidden\" style=\"display:block\"><input type=\"hidden\" name=\"everest_forms[recaptcha]\" value=\"\"><\/div><div class=\"evf-submit-container \" ><input type=\"hidden\" name=\"everest_forms[id]\" value=\"479\"><input type=\"hidden\" name=\"everest_forms[author]\" value=\"2\"><button type='submit' name='everest_forms[submit]' class='everest-forms-submit-button button evf-submit ' id='evf-submit-479' value='evf-submit' data-process-text=\"Processing\u2026\" conditional_rules='&quot;&quot;' conditional_id='evf-submit-479'  id=\"evf-submit-479\" aria-live=\"assertive\">L\u00e4het\u00e4<\/button><\/div><\/form><\/div><!-- .evf-container --><\/div><\/p>\n","protected":false},"excerpt":{"rendered":"<p>Mik\u00e4li sinulla on kysytt\u00e4v\u00e4\u00e4 lehden tilauksesta, otathan rohkeasti yhteytt\u00e4 tilaajapalveluumme. Tilaajapalvelumme on avoinna arkisin kello 9-16. Mik\u00e4li sinulla on kysytt\u00e4v\u00e4\u00e4<\/p>\n","protected":false},"author":2,"featured_media":0,"parent":0,"menu_order":0,"comment_status":"closed","ping_status":"closed","template":"","meta":{"colormag_page_container_layout":"no_sidebar_content_centered","colormag_page_sidebar_layout":"no_sidebar","footnotes":""},"class_list":["post-480","page","type-page","status-publish","hentry"],"_links":{"self":[{"href":"https:\/\/kelkkasivut.kelkkalehti.com\/index.php?rest_route=\/wp\/v2\/pages\/480","targetHints":{"allow":["GET"]}}],"collection":[{"href":"https:\/\/kelkkasivut.kelkkalehti.com\/index.php?rest_route=\/wp\/v2\/pages"}],"about":[{"href":"https:\/\/kelkkasivut.kelkkalehti.com\/index.php?rest_route=\/wp\/v2\/types\/page"}],"author":[{"embeddable":true,"href":"https:\/\/kelkkasivut.kelkkalehti.com\/index.php?rest_route=\/wp\/v2\/users\/2"}],"replies":[{"embeddable":true,"href":"https:\/\/kelkkasivut.kelkkalehti.com\/index.php?rest_route=%2Fwp%2Fv2%2Fcomments&post=480"}],"version-history":[{"count":23,"href":"https:\/\/kelkkasivut.kelkkalehti.com\/index.php?rest_route=\/wp\/v2\/pages\/480\/revisions"}],"predecessor-version":[{"id":1063,"href":"https:\/\/kelkkasivut.kelkkalehti.com\/index.php?rest_route=\/wp\/v2\/pages\/480\/revisions\/1063"}],"wp:attachment":[{"href":"https:\/\/kelkkasivut.kelkkalehti.com\/index.php?rest_route=%2Fwp%2Fv2%2Fmedia&parent=480"}],"curies":[{"name":"wp","href":"https:\/\/api.w.org\/{rel}","templated":true}]}}