{"id":185,"date":"2015-06-17T06:22:56","date_gmt":"2015-06-17T06:22:56","guid":{"rendered":"http:\/\/demo.themegrill.com\/colormag\/?page_id=185"},"modified":"2025-08-25T11:07:47","modified_gmt":"2025-08-25T08:07:47","slug":"right-sidebar","status":"publish","type":"page","link":"https:\/\/kelkkasivut.kelkkalehti.com\/?page_id=185","title":{"rendered":"Yhteystiedot"},"content":{"rendered":"\n<blockquote class=\"wp-block-quote is-layout-flow wp-block-quote-is-layout-flow\">\n<p>Kelkkalehti MK on Suomen ainoa kelkkailuaiheinen media. P\u00e4\u00e4tuotteemme on painettu aikakausilehti, joka ilmestyy viisi kertaa vuodessa. Lehtemme tavoittaa suurimman osan aktiivisista kelkkailun harrastajista. Tuotamme sis\u00e4lt\u00f6\u00e4 my\u00f6s uusien medioiden kanaviin. N\u00e4it\u00e4 ovat Youtube, Instagram sek\u00e4 Facebook. Kysy mediamyynnilt\u00e4mme lis\u00e4\u00e4 tietoa yhteisty\u00f6mahdollisuuksista painetussa lehdess\u00e4mme sek\u00e4 muissa mediakanavissa.<\/p>\n<\/blockquote>\n\n\n\n<p>Lehden mediakortin l\u00f6yd\u00e4t\u00a0<a href=\"https:\/\/kelkkasivut.kelkkalehti.com\/wp-content\/uploads\/2025\/08\/Kelkkalehti_Mediakortti_2025-2026-.pdf\" target=\"_blank\" rel=\"noreferrer noopener\"><strong>t\u00e4\u00e4lt\u00e4.<\/strong><\/a><\/p>\n\n\n\n<p>Mediamyynnin yhteystiedot:<\/p>\n\n\n\n<p><strong>Pera Hussi<br><\/strong><a href=\"tel:+358400539313\" target=\"_blank\" rel=\"noreferrer noopener\">+358 400 539 313<\/a><br>pera ( @ ) kelkkalehti.com<br><strong><br><\/strong><\/p>\n\n\n\n<p><\/p>\n","protected":false},"excerpt":{"rendered":"<p>Kelkkalehti MK on Suomen ainoa kelkkailuaiheinen media. P\u00e4\u00e4tuotteemme on painettu aikakausilehti, joka ilmestyy viisi kertaa vuodessa. Lehtemme tavoittaa suurimman osan<\/p>\n","protected":false},"author":2,"featured_media":0,"parent":0,"menu_order":0,"comment_status":"closed","ping_status":"open","template":"","meta":{"colormag_page_container_layout":"no_sidebar_full_width","colormag_page_sidebar_layout":"right_sidebar","footnotes":""},"class_list":["post-185","page","type-page","status-publish","hentry"],"_links":{"self":[{"href":"https:\/\/kelkkasivut.kelkkalehti.com\/index.php?rest_route=\/wp\/v2\/pages\/185","targetHints":{"allow":["GET"]}}],"collection":[{"href":"https:\/\/kelkkasivut.kelkkalehti.com\/index.php?rest_route=\/wp\/v2\/pages"}],"about":[{"href":"https:\/\/kelkkasivut.kelkkalehti.com\/index.php?rest_route=\/wp\/v2\/types\/page"}],"author":[{"embeddable":true,"href":"https:\/\/kelkkasivut.kelkkalehti.com\/index.php?rest_route=\/wp\/v2\/users\/2"}],"replies":[{"embeddable":true,"href":"https:\/\/kelkkasivut.kelkkalehti.com\/index.php?rest_route=%2Fwp%2Fv2%2Fcomments&post=185"}],"version-history":[{"count":21,"href":"https:\/\/kelkkasivut.kelkkalehti.com\/index.php?rest_route=\/wp\/v2\/pages\/185\/revisions"}],"predecessor-version":[{"id":1239,"href":"https:\/\/kelkkasivut.kelkkalehti.com\/index.php?rest_route=\/wp\/v2\/pages\/185\/revisions\/1239"}],"wp:attachment":[{"href":"https:\/\/kelkkasivut.kelkkalehti.com\/index.php?rest_route=%2Fwp%2Fv2%2Fmedia&parent=185"}],"curies":[{"name":"wp","href":"https:\/\/api.w.org\/{rel}","templated":true}]}}