{"id":183,"date":"2015-06-17T06:20:31","date_gmt":"2015-06-17T06:20:31","guid":{"rendered":"http:\/\/demo.themegrill.com\/colormag\/?page_id=183"},"modified":"2025-08-25T11:03:23","modified_gmt":"2025-08-25T08:03:23","slug":"left-sidebar","status":"publish","type":"page","link":"https:\/\/kelkkasivut.kelkkalehti.com\/?page_id=183","title":{"rendered":"Mediatiedot"},"content":{"rendered":"\n<figure class=\"wp-block-image size-large\"><img loading=\"lazy\" decoding=\"async\" width=\"1024\" height=\"482\" src=\"https:\/\/kelkkasivut.kelkkalehti.com\/wp-content\/uploads\/2025\/04\/Kansiarkisto-1024x482.jpg\" alt=\"\" class=\"wp-image-1200\" srcset=\"https:\/\/kelkkasivut.kelkkalehti.com\/wp-content\/uploads\/2025\/04\/Kansiarkisto-1024x482.jpg 1024w, https:\/\/kelkkasivut.kelkkalehti.com\/wp-content\/uploads\/2025\/04\/Kansiarkisto-300x141.jpg 300w, https:\/\/kelkkasivut.kelkkalehti.com\/wp-content\/uploads\/2025\/04\/Kansiarkisto-768x362.jpg 768w, https:\/\/kelkkasivut.kelkkalehti.com\/wp-content\/uploads\/2025\/04\/Kansiarkisto-1536x723.jpg 1536w, https:\/\/kelkkasivut.kelkkalehti.com\/wp-content\/uploads\/2025\/04\/Kansiarkisto.jpg 1671w\" sizes=\"auto, (max-width: 1024px) 100vw, 1024px\" \/><\/figure>\n\n\n<blockquote>\n<p>Kelkkalehti on Suomen ainoa painettu kelkkailumedia. Syksyll\u00e4 2018 tapahtuneen muutoksen j\u00e4lkeen Kelkkalehti.com ja MK-Lehti yhdistyiv\u00e4t ja ilmestyv\u00e4t jatkossa nimell\u00e4 Kelkkalehti MK.<\/p>\n<\/blockquote>\n<p>Kelkkalehti.com\/keskustelu on Suomen aktiivisin alan sivusto. Sivuston k\u00e4vij\u00e4m\u00e4\u00e4r\u00e4 kattaa suuren osan kotimaamme harrastajista. Sivustovierailuja sivuillamme tehd\u00e4\u00e4n jopa 300 000 kuukaudessa ja yksil\u00f6ityj\u00e4 eri k\u00e4vij\u00f6it\u00e4 sivuilla keskim\u00e4\u00e4rin 50 000 kuukaudessa. (Tilasto Google Analytics)<br \/>Www-sivustomme tarjoaakin loistavan paikan tuoda yrityst\u00e4si ja tuotteitasi n\u00e4kyville kustannustehokkaalla tavalla.<\/p>\n<p>Kelkkalehti MK faktat<\/p>\n<ul>\n<li>Ilmestyy viisi kertaa vuodessa<\/li>\n<li>Kattaa suurimman osan Suomen aktiivikelkkailjoista<\/li>\n<li>Aktiivinen internet<\/li>\n<li>Tehokas tapa saavuttaa tarkka kohderyhm\u00e4<\/li>\n<\/ul>\n<ul>\n<li>Lehden mediakortin l\u00f6yd\u00e4t\u00a0<a href=\"https:\/\/kelkkasivut.kelkkalehti.com\/wp-content\/uploads\/2025\/08\/Kelkkalehti_Mediakortti_2025-2026-.pdf\" target=\"_blank\" rel=\"noopener noreferrer\"><strong>t\u00e4\u00e4lt\u00e4.<\/strong><\/a><\/li>\n<\/ul>\n<p>Mediamyynnin yhteystiedot l\u00f6yd\u00e4t <a href=\"https:\/\/kelkkasivut.kelkkalehti.com\/?page_id=185\">yhteystiedot sivulta<\/a><\/p>","protected":false},"excerpt":{"rendered":"<p>Kelkkalehti on Suomen ainoa painettu kelkkailumedia. Syksyll\u00e4 2018 tapahtuneen muutoksen j\u00e4lkeen Kelkkalehti.com ja MK-Lehti yhdistyiv\u00e4t ja ilmestyv\u00e4t jatkossa nimell\u00e4 Kelkkalehti<\/p>\n","protected":false},"author":1,"featured_media":0,"parent":0,"menu_order":0,"comment_status":"closed","ping_status":"open","template":"","meta":{"colormag_page_container_layout":"no_sidebar_full_width","colormag_page_sidebar_layout":"right_sidebar","footnotes":""},"class_list":["post-183","page","type-page","status-publish","hentry"],"_links":{"self":[{"href":"https:\/\/kelkkasivut.kelkkalehti.com\/index.php?rest_route=\/wp\/v2\/pages\/183","targetHints":{"allow":["GET"]}}],"collection":[{"href":"https:\/\/kelkkasivut.kelkkalehti.com\/index.php?rest_route=\/wp\/v2\/pages"}],"about":[{"href":"https:\/\/kelkkasivut.kelkkalehti.com\/index.php?rest_route=\/wp\/v2\/types\/page"}],"author":[{"embeddable":true,"href":"https:\/\/kelkkasivut.kelkkalehti.com\/index.php?rest_route=\/wp\/v2\/users\/1"}],"replies":[{"embeddable":true,"href":"https:\/\/kelkkasivut.kelkkalehti.com\/index.php?rest_route=%2Fwp%2Fv2%2Fcomments&post=183"}],"version-history":[{"count":22,"href":"https:\/\/kelkkasivut.kelkkalehti.com\/index.php?rest_route=\/wp\/v2\/pages\/183\/revisions"}],"predecessor-version":[{"id":1237,"href":"https:\/\/kelkkasivut.kelkkalehti.com\/index.php?rest_route=\/wp\/v2\/pages\/183\/revisions\/1237"}],"wp:attachment":[{"href":"https:\/\/kelkkasivut.kelkkalehti.com\/index.php?rest_route=%2Fwp%2Fv2%2Fmedia&parent=183"}],"curies":[{"name":"wp","href":"https:\/\/api.w.org\/{rel}","templated":true}]}}