{"id":1277,"date":"2025-11-13T12:57:30","date_gmt":"2025-11-13T10:57:30","guid":{"rendered":"https:\/\/kelkkasivut.kelkkalehti.com\/?page_id=1277"},"modified":"2025-11-20T09:48:09","modified_gmt":"2025-11-20T07:48:09","slug":"arvonta-2025","status":"publish","type":"page","link":"https:\/\/kelkkasivut.kelkkalehti.com\/?page_id=1277","title":{"rendered":"Arvonta 2025"},"content":{"rendered":"\n<p>Kelkkalehden tilaaja-arvonta 2025. Palkintona Ski-Doo MX 470 moottorikelkka. <\/p>\n\n\n\n<blockquote class=\"wp-block-quote is-layout-flow wp-block-quote-is-layout-flow\">\n<p>Kelkkalehden tilaajat ovat automaattisesti mukana arvonnassa. <strong><a href=\"https:\/\/kelkkasivut.kelkkalehti.com\/?page_id=594\" data-type=\"page\" data-id=\"594\">Tilaa lehti t\u00e4\u00e4lt\u00e4<\/a><\/strong><\/p>\n<\/blockquote>\n\n\n\n<figure class=\"wp-block-image size-large\"><img loading=\"lazy\" decoding=\"async\" width=\"1024\" height=\"597\" src=\"https:\/\/kelkkasivut.kelkkalehti.com\/wp-content\/uploads\/2025\/11\/voitatama14-e1762329668452-1024x597.jpg\" alt=\"\" class=\"wp-image-1258\" srcset=\"https:\/\/kelkkasivut.kelkkalehti.com\/wp-content\/uploads\/2025\/11\/voitatama14-e1762329668452-1024x597.jpg 1024w, https:\/\/kelkkasivut.kelkkalehti.com\/wp-content\/uploads\/2025\/11\/voitatama14-e1762329668452-300x175.jpg 300w, https:\/\/kelkkasivut.kelkkalehti.com\/wp-content\/uploads\/2025\/11\/voitatama14-e1762329668452-768x448.jpg 768w, https:\/\/kelkkasivut.kelkkalehti.com\/wp-content\/uploads\/2025\/11\/voitatama14-e1762329668452.jpg 1362w\" sizes=\"auto, (max-width: 1024px) 100vw, 1024px\" \/><\/figure>\n\n\n\n<ol class=\"wp-block-list\">\n<li>J\u00e4rjest\u00e4j\u00e4<br>Arvonnan j\u00e4rjest\u00e4\u00e4 Kelkkalehti MK \/ Pera Hussi Oy (Y-tunnus 2215466-8), Osoite:<br>Aurinkotuulentie 4, 96190 Rovaniemi,<br>s\u00e4hk\u00f6posti pera@kelkkalehti.com.<\/li>\n\n\n\n<li>Arvonnan ajankohta<br>Arvonta suoritetaan 19.12.2025 Kelkkalehti MK:n toimitiloissa valvotusti.<br>Voittajan nimi julkaistaan Kelkkalehden sosiaalisen median kanavissa sek\u00e4 verkkosivuilla<br>www.kelkkalehti.com arvonnan j\u00e4lkeen.<\/li>\n\n\n\n<li>Osallistumisoikeus<br>Arvontaan osallistuvat kaikki Kelkkalehden tilaajat, joilla on voimassa ja maksettuna oleva tilaus 15.12.2025.<br>Arvontaan voivat osallistua my\u00f6s ne henkil\u00f6t, jotka osallistuvat ilmaiseksi arvonnan ohjeiden mukaisesti. Vain yksi osallistuminen \/ henkil\u00f6. <br>Ilmaisen osallistumisen ohjeet julkaistaan verkkosivuilla osoitteessa www.kelkkalehti.com<br>alkaen 9.11.2025.<br>Arvontaan voi osallistua vain kerran henkil\u00f6\u00e4 kohden.<br>Arvontaan eiv\u00e4t osallistu Kelkkalehti MK:n ilmaistilaukset, Kelkkalehden henkil\u00f6kunta, vakituiset avustajat eik\u00e4 heid\u00e4n perheenj\u00e4senens\u00e4.<\/li>\n\n\n\n<li>Arvonnan kohde ja palkinto<br>Arvonnan palkintona on Ski-Doo MX 470 moottorikelkka (\u201dVintage-helmi\u201d).<br>Kelkka luovutetaan huollettuna ja ajokunnossa, mutta ilman takuuta. Kelkan arvo 1000 Euroa.<br>Tuotetta ei voi vaihtaa rahaan tai muuhun hy\u00f6dykkeeseen.<br>Kelkan toimitusp\u00e4iv\u00e4 ja tapa sovitaan voittajan kanssa henkil\u00f6kohtaisesti (nouto).<br>Voittajalla on oikeus kielt\u00e4yty\u00e4 palkinnosta, jolloin arvotaan varavoittaja h\u00e4nen tilalleen.<\/li>\n\n\n\n<li>Arvonnan suorittaminen ja voittajan valinta<br>Arvonta suoritetaan Kelkkalehti MK:n henkil\u00f6kunnan toimesta satunnaisgeneraattorilla.<br>Arvonnasta laaditaan p\u00f6yt\u00e4kirja, ja voittajalle ilmoitetaan henkil\u00f6kohtaisesti.<br>Jos voittajaa ei tavoiteta kolmen viikon kuluessa, palkinto voidaan arpoa uudelleen.<\/li>\n\n\n\n<li>Palkinnon luovutus ja verotus<br>Palkinto luovutetaan voittajalle henkil\u00f6kohtaisesti tai erikseen sovitulla tavalla.<br>Palkinnosta ei aiheudu voittajalle veroseuraamuksia.<br>Arvonnan j\u00e4rjest\u00e4j\u00e4 vastaa mahdollisesta arpajaisverosta ja muista lakis\u00e4\u00e4teisist\u00e4 velvoitteista.<\/li>\n\n\n\n<li>J\u00e4rjest\u00e4j\u00e4n vastuu<br>Kelkkalehti MK ei vastaa mahdollisista teknisist\u00e4 ongelmista, tietoliikenneh\u00e4iri\u00f6ist\u00e4 tai viiv\u00e4styksist\u00e4, jotka est\u00e4v\u00e4t osallistumisen.<br>Arvonnan j\u00e4rjest\u00e4j\u00e4 ei my\u00f6sk\u00e4\u00e4n vastaa palkinnon vastaanottamisen tai k\u00e4yt\u00f6n mahdollisesti aiheuttamista vahingoista.<\/li>\n\n\n\n<li>Henkil\u00f6tietojen k\u00e4sittely<br>Arvontaan osallistujien henkil\u00f6tietoja k\u00e4sitell\u00e4\u00e4n ainoastaan arvonnan toteuttamiseksi ja mahdollisen voittajan kontaktoimiseksi.<br>Tietoja ei luovuteta kolmansille osapuolille, ja ne poistetaan arvonnan p\u00e4\u00e4tytty\u00e4.<\/li>\n\n\n\n<li>S\u00e4\u00e4nt\u00f6jen saatavuus<br>N\u00e4m\u00e4 viralliset s\u00e4\u00e4nn\u00f6t ovat luettavissa kokonaisuudessaan verkkosivuilla<br>www.kelkkalehti.com arvonnan ajan.<\/li>\n<\/ol>\n\n\n\n<p><strong>Kelkkalehti MK pid\u00e4tt\u00e4\u00e4 oikeuden muutoksiin, jos arvonnan toteutus sit\u00e4 edellytt\u00e4\u00e4.<\/strong><\/p>\n\n\n\n<blockquote class=\"wp-block-quote is-layout-flow wp-block-quote-is-layout-flow\">\n<p>TILAAMALLA KELKKALEHDEN, TUET SUOMALAISTA KELKKAILUPERINNETT\u00c4, JOTA PAINETUT KELKKALEHDET OVAT VAALINEET VUODESTA 1988 SAAKKA!<\/p>\n<\/blockquote>\n\n\n\n<p><br><br>Jos et syyst\u00e4 tai toisesta miss\u00e4\u00e4n tapauksessa halua tilata Kelkkalehte\u00e4, voit osallistua arvontaa veloituksetta kirjoittamalla nimesi, osoitteesi, puhelinnumerosi ja s\u00e4hk\u00f6postisi paperille, ottamalla siit\u00e4 kuvan ja l\u00e4hett\u00e4m\u00e4ll\u00e4 sen kilpailu@kelkkalehti.com s\u00e4hk\u00f6postiin. Ilmaisille osallistumisille luodaan t\u00e4m\u00e4n arvonnassa &#8221;virtuaalinen tilaajanumero&#8221;, jolla h\u00e4n on mukana kelkan arvonnassa. Osallistujan tietoja ei k\u00e4ytet\u00e4 markkinointiin tai niit\u00e4 ei luovuteta organisaation ulkopuolelle. Ilmaiseen arvontaan osallistuneiden nimi- ja osoitetiedot poistetaan tietokannasta arvonnan j\u00e4lkeen.<\/p>\n","protected":false},"excerpt":{"rendered":"<p>Kelkkalehden tilaaja-arvonta 2025. Palkintona Ski-Doo MX 470 moottorikelkka. Kelkkalehden tilaajat ovat automaattisesti mukana arvonnassa. Tilaa lehti t\u00e4\u00e4lt\u00e4 Kelkkalehti MK pid\u00e4tt\u00e4\u00e4<\/p>\n","protected":false},"author":2,"featured_media":0,"parent":0,"menu_order":0,"comment_status":"closed","ping_status":"closed","template":"","meta":{"colormag_page_container_layout":"default_layout","colormag_page_sidebar_layout":"default_layout","footnotes":""},"class_list":["post-1277","page","type-page","status-publish","hentry"],"_links":{"self":[{"href":"https:\/\/kelkkasivut.kelkkalehti.com\/index.php?rest_route=\/wp\/v2\/pages\/1277","targetHints":{"allow":["GET"]}}],"collection":[{"href":"https:\/\/kelkkasivut.kelkkalehti.com\/index.php?rest_route=\/wp\/v2\/pages"}],"about":[{"href":"https:\/\/kelkkasivut.kelkkalehti.com\/index.php?rest_route=\/wp\/v2\/types\/page"}],"author":[{"embeddable":true,"href":"https:\/\/kelkkasivut.kelkkalehti.com\/index.php?rest_route=\/wp\/v2\/users\/2"}],"replies":[{"embeddable":true,"href":"https:\/\/kelkkasivut.kelkkalehti.com\/index.php?rest_route=%2Fwp%2Fv2%2Fcomments&post=1277"}],"version-history":[{"count":7,"href":"https:\/\/kelkkasivut.kelkkalehti.com\/index.php?rest_route=\/wp\/v2\/pages\/1277\/revisions"}],"predecessor-version":[{"id":1290,"href":"https:\/\/kelkkasivut.kelkkalehti.com\/index.php?rest_route=\/wp\/v2\/pages\/1277\/revisions\/1290"}],"wp:attachment":[{"href":"https:\/\/kelkkasivut.kelkkalehti.com\/index.php?rest_route=%2Fwp%2Fv2%2Fmedia&parent=1277"}],"curies":[{"name":"wp","href":"https:\/\/api.w.org\/{rel}","templated":true}]}}